{"id":1884,"date":"2021-10-14T13:05:18","date_gmt":"2021-10-14T11:05:18","guid":{"rendered":"https:\/\/myopianetwork.eu\/?page_id=1884"},"modified":"2025-08-28T13:39:04","modified_gmt":"2025-08-28T11:39:04","slug":"polityka-plikow-cookies","status":"publish","type":"page","link":"https:\/\/myopianetwork.eu\/pl\/polityka-plikow-cookies\/","title":{"rendered":"Polityka plik\u00f3w cookies"},"content":{"rendered":"<h3>Czym s\u0105 pliki \u201ecookies\u201d?<\/h3>\n<p>Pliki cookies (tzw. ciasteczka) s\u0142u\u017c\u0105 do przechowywania danych informatycznych, najcz\u0119\u015bciej w formie plik\u00f3w tekstowych, w urz\u0105dzeniu ko\u0144cowym u\u017cytkownika (np. komputerze, laptopie, smartfonie). Cookies zazwyczaj zawieraj\u0105 nazw\u0119 strony internetowej z kt\u00f3rej pochodz\u0105, czas przechowywania ich na urz\u0105dzeniu ko\u0144cowym oraz unikalny numer.<\/p>\n<h3>Rodzaje u\u017cywanych plik\u00f3w \u201ecookies\u201d<\/h3>\n<p><strong>Sesyjne pliki cookies<\/strong><\/p>\n<p>S\u0142u\u017c\u0105 do zapami\u0119tania wybor\u00f3w dokonanych przez u\u017cytkownika oraz m.in. przy logowaniu. Pozostaj\u0105 na urz\u0105dzeniu u\u017cytkownika do czasu wylogowania z serwisu lub zamkni\u0119cia przegl\u0105darki.<\/p>\n<p><strong>Pliki cookies s\u0142u\u017c\u0105ce do analiz<\/strong><\/p>\n<p>Pliki cookies pozwalaj\u0105ce zbiera\u0107 dane zwi\u0105zane ze sposobem korzystania z witryny internetowej, w tym tre\u015bci klikane przez u\u017cytkownika podczas przegl\u0105dania witryny.<\/p>\n<h3>Wykorzystywanie plik\u00f3w \u201ecookies\u201d<\/h3>\n<p>Pliki cookies u\u017cywane s\u0105 w celu zapisywania ustawie\u0144 i dostosowania zawarto\u015bci stron internetowych do preferencji u\u017cytkownika. U\u017cywane s\u0105 r\u00f3wnie\u017c do tworzenia anonimowych statystyk, kt\u00f3re pomagaj\u0105 pozna\u0107, w jaki spos\u00f3b u\u017cytkownicy korzystaj\u0105 ze stron internetowych. Umo\u017cliwia to poprawianie ich struktury i zawarto\u015bci. Pliki cookies nie s\u0142u\u017c\u0105 identyfikacji u\u017cytkownika i na ich podstawie nie jest ustalana to\u017csamo\u015b\u0107 u\u017cytkownika.<\/p>\n<h3>Usuwanie plik\u00f3w \u201ecookies\u201d<\/h3>\n<p>Spos\u00f3b blokowania lub kasowania plik\u00f3w cookies r\u00f3\u017cni si\u0119 w zale\u017cno\u015bci od u\u017cywanej przegl\u0105darki internetowej. Wi\u0119cej informacji na temat zarz\u0105dzania plikami cookies mo\u017cna uzyska\u0107 korzystaj\u0105c z Pomocy swojej przegl\u0105darki internetowej.<\/p>\n","protected":false},"excerpt":{"rendered":"<p>Czym s\u0105 pliki \u201ecookies\u201d? Pliki cookies (tzw. ciasteczka) s\u0142u\u017c\u0105 do przechowywania danych informatycznych, najcz\u0119\u015bciej w formie plik\u00f3w tekstowych, w urz\u0105dzeniu ko\u0144cowym u\u017cytkownika (np. komputerze, laptopie, smartfonie). Cookies zazwyczaj zawieraj\u0105 nazw\u0119 strony internetowej z kt\u00f3rej pochodz\u0105, czas przechowywania ich na urz\u0105dzeniu ko\u0144cowym oraz unikalny numer. Rodzaje u\u017cywanych plik\u00f3w \u201ecookies\u201d Sesyjne pliki cookies S\u0142u\u017c\u0105 do zapami\u0119tania wybor\u00f3w&#8230;<\/p>\n","protected":false},"author":1,"featured_media":0,"parent":0,"menu_order":0,"comment_status":"closed","ping_status":"closed","template":"","meta":{"_acf_changed":false,"footnotes":""},"class_list":["post-1884","page","type-page","status-publish","hentry"],"acf":[],"yoast_head":"<!-- This site is optimized with the Yoast SEO plugin v25.3 - https:\/\/yoast.com\/wordpress\/plugins\/seo\/ -->\n<title>Polityka plik\u00f3w cookies - Fundacja &quot;Okulistyka 21&quot;<\/title>\n<meta name=\"robots\" content=\"index, follow, max-snippet:-1, max-image-preview:large, max-video-preview:-1\" \/>\n<link rel=\"canonical\" href=\"https:\/\/myopianetwork.eu\/pl\/polityka-plikow-cookies\/\" \/>\n<meta property=\"og:locale\" content=\"pl_PL\" \/>\n<meta property=\"og:type\" content=\"article\" \/>\n<meta property=\"og:title\" content=\"Polityka plik\u00f3w cookies - Fundacja &quot;Okulistyka 21&quot;\" \/>\n<meta property=\"og:description\" content=\"Czym s\u0105 pliki \u201ecookies\u201d? Pliki cookies (tzw. ciasteczka) s\u0142u\u017c\u0105 do przechowywania danych informatycznych, najcz\u0119\u015bciej w formie plik\u00f3w tekstowych, w urz\u0105dzeniu ko\u0144cowym u\u017cytkownika (np. komputerze, laptopie, smartfonie). Cookies zazwyczaj zawieraj\u0105 nazw\u0119 strony internetowej z kt\u00f3rej pochodz\u0105, czas przechowywania ich na urz\u0105dzeniu ko\u0144cowym oraz unikalny numer. Rodzaje u\u017cywanych plik\u00f3w \u201ecookies\u201d Sesyjne pliki cookies S\u0142u\u017c\u0105 do zapami\u0119tania wybor\u00f3w...\" \/>\n<meta property=\"og:url\" content=\"https:\/\/myopianetwork.eu\/pl\/polityka-plikow-cookies\/\" \/>\n<meta property=\"og:site_name\" content=\"Fundacja &quot;Okulistyka 21&quot;\" \/>\n<meta property=\"article:modified_time\" content=\"2025-08-28T11:39:04+00:00\" \/>\n<meta name=\"twitter:card\" content=\"summary_large_image\" \/>\n<meta name=\"twitter:label1\" content=\"Szacowany czas czytania\" \/>\n\t<meta name=\"twitter:data1\" content=\"1 minuta\" \/>\n<script type=\"application\/ld+json\" class=\"yoast-schema-graph\">{\"@context\":\"https:\/\/schema.org\",\"@graph\":[{\"@type\":\"WebPage\",\"@id\":\"https:\/\/myopianetwork.eu\/pl\/polityka-plikow-cookies\/\",\"url\":\"https:\/\/myopianetwork.eu\/pl\/polityka-plikow-cookies\/\",\"name\":\"Polityka plik\u00f3w cookies - Fundacja &quot;Okulistyka 21&quot;\",\"isPartOf\":{\"@id\":\"https:\/\/myopianetwork.eu\/pl\/#website\"},\"datePublished\":\"2021-10-14T11:05:18+00:00\",\"dateModified\":\"2025-08-28T11:39:04+00:00\",\"breadcrumb\":{\"@id\":\"https:\/\/myopianetwork.eu\/pl\/polityka-plikow-cookies\/#breadcrumb\"},\"inLanguage\":\"pl-PL\",\"potentialAction\":[{\"@type\":\"ReadAction\",\"target\":[\"https:\/\/myopianetwork.eu\/pl\/polityka-plikow-cookies\/\"]}]},{\"@type\":\"BreadcrumbList\",\"@id\":\"https:\/\/myopianetwork.eu\/pl\/polityka-plikow-cookies\/#breadcrumb\",\"itemListElement\":[{\"@type\":\"ListItem\",\"position\":1,\"name\":\"Strona g\u0142\u00f3wna\",\"item\":\"https:\/\/myopianetwork.eu\/pl\/\"},{\"@type\":\"ListItem\",\"position\":2,\"name\":\"Polityka plik\u00f3w cookies\"}]},{\"@type\":\"WebSite\",\"@id\":\"https:\/\/myopianetwork.eu\/pl\/#website\",\"url\":\"https:\/\/myopianetwork.eu\/pl\/\",\"name\":\"Fundacja \\\"Okulistyka 21\\\"\",\"description\":\"\",\"publisher\":{\"@id\":\"https:\/\/myopianetwork.eu\/pl\/#organization\"},\"potentialAction\":[{\"@type\":\"SearchAction\",\"target\":{\"@type\":\"EntryPoint\",\"urlTemplate\":\"https:\/\/myopianetwork.eu\/pl\/?s={search_term_string}\"},\"query-input\":{\"@type\":\"PropertyValueSpecification\",\"valueRequired\":true,\"valueName\":\"search_term_string\"}}],\"inLanguage\":\"pl-PL\"},{\"@type\":\"Organization\",\"@id\":\"https:\/\/myopianetwork.eu\/pl\/#organization\",\"name\":\"Fundacja \\\"Okulistyka 21\\\"\",\"url\":\"https:\/\/myopianetwork.eu\/pl\/\",\"logo\":{\"@type\":\"ImageObject\",\"inLanguage\":\"pl-PL\",\"@id\":\"https:\/\/myopianetwork.eu\/pl\/#\/schema\/logo\/image\/\",\"url\":\"https:\/\/myopianetwork.eu\/wp-content\/uploads\/2021\/10\/MYOPIA.png\",\"contentUrl\":\"https:\/\/myopianetwork.eu\/wp-content\/uploads\/2021\/10\/MYOPIA.png\",\"width\":1229,\"height\":263,\"caption\":\"Fundacja \\\"Okulistyka 21\\\"\"},\"image\":{\"@id\":\"https:\/\/myopianetwork.eu\/pl\/#\/schema\/logo\/image\/\"}}]}<\/script>\n<!-- \/ Yoast SEO plugin. -->","yoast_head_json":{"title":"Polityka plik\u00f3w cookies - Fundacja &quot;Okulistyka 21&quot;","robots":{"index":"index","follow":"follow","max-snippet":"max-snippet:-1","max-image-preview":"max-image-preview:large","max-video-preview":"max-video-preview:-1"},"canonical":"https:\/\/myopianetwork.eu\/pl\/polityka-plikow-cookies\/","og_locale":"pl_PL","og_type":"article","og_title":"Polityka plik\u00f3w cookies - Fundacja &quot;Okulistyka 21&quot;","og_description":"Czym s\u0105 pliki \u201ecookies\u201d? Pliki cookies (tzw. ciasteczka) s\u0142u\u017c\u0105 do przechowywania danych informatycznych, najcz\u0119\u015bciej w formie plik\u00f3w tekstowych, w urz\u0105dzeniu ko\u0144cowym u\u017cytkownika (np. komputerze, laptopie, smartfonie). Cookies zazwyczaj zawieraj\u0105 nazw\u0119 strony internetowej z kt\u00f3rej pochodz\u0105, czas przechowywania ich na urz\u0105dzeniu ko\u0144cowym oraz unikalny numer. Rodzaje u\u017cywanych plik\u00f3w \u201ecookies\u201d Sesyjne pliki cookies S\u0142u\u017c\u0105 do zapami\u0119tania wybor\u00f3w...","og_url":"https:\/\/myopianetwork.eu\/pl\/polityka-plikow-cookies\/","og_site_name":"Fundacja &quot;Okulistyka 21&quot;","article_modified_time":"2025-08-28T11:39:04+00:00","twitter_card":"summary_large_image","twitter_misc":{"Szacowany czas czytania":"1 minuta"},"schema":{"@context":"https:\/\/schema.org","@graph":[{"@type":"WebPage","@id":"https:\/\/myopianetwork.eu\/pl\/polityka-plikow-cookies\/","url":"https:\/\/myopianetwork.eu\/pl\/polityka-plikow-cookies\/","name":"Polityka plik\u00f3w cookies - Fundacja &quot;Okulistyka 21&quot;","isPartOf":{"@id":"https:\/\/myopianetwork.eu\/pl\/#website"},"datePublished":"2021-10-14T11:05:18+00:00","dateModified":"2025-08-28T11:39:04+00:00","breadcrumb":{"@id":"https:\/\/myopianetwork.eu\/pl\/polityka-plikow-cookies\/#breadcrumb"},"inLanguage":"pl-PL","potentialAction":[{"@type":"ReadAction","target":["https:\/\/myopianetwork.eu\/pl\/polityka-plikow-cookies\/"]}]},{"@type":"BreadcrumbList","@id":"https:\/\/myopianetwork.eu\/pl\/polityka-plikow-cookies\/#breadcrumb","itemListElement":[{"@type":"ListItem","position":1,"name":"Strona g\u0142\u00f3wna","item":"https:\/\/myopianetwork.eu\/pl\/"},{"@type":"ListItem","position":2,"name":"Polityka plik\u00f3w cookies"}]},{"@type":"WebSite","@id":"https:\/\/myopianetwork.eu\/pl\/#website","url":"https:\/\/myopianetwork.eu\/pl\/","name":"Fundacja \"Okulistyka 21\"","description":"","publisher":{"@id":"https:\/\/myopianetwork.eu\/pl\/#organization"},"potentialAction":[{"@type":"SearchAction","target":{"@type":"EntryPoint","urlTemplate":"https:\/\/myopianetwork.eu\/pl\/?s={search_term_string}"},"query-input":{"@type":"PropertyValueSpecification","valueRequired":true,"valueName":"search_term_string"}}],"inLanguage":"pl-PL"},{"@type":"Organization","@id":"https:\/\/myopianetwork.eu\/pl\/#organization","name":"Fundacja \"Okulistyka 21\"","url":"https:\/\/myopianetwork.eu\/pl\/","logo":{"@type":"ImageObject","inLanguage":"pl-PL","@id":"https:\/\/myopianetwork.eu\/pl\/#\/schema\/logo\/image\/","url":"https:\/\/myopianetwork.eu\/wp-content\/uploads\/2021\/10\/MYOPIA.png","contentUrl":"https:\/\/myopianetwork.eu\/wp-content\/uploads\/2021\/10\/MYOPIA.png","width":1229,"height":263,"caption":"Fundacja \"Okulistyka 21\""},"image":{"@id":"https:\/\/myopianetwork.eu\/pl\/#\/schema\/logo\/image\/"}}]}},"_links":{"self":[{"href":"https:\/\/myopianetwork.eu\/pl\/wp-json\/wp\/v2\/pages\/1884","targetHints":{"allow":["GET"]}}],"collection":[{"href":"https:\/\/myopianetwork.eu\/pl\/wp-json\/wp\/v2\/pages"}],"about":[{"href":"https:\/\/myopianetwork.eu\/pl\/wp-json\/wp\/v2\/types\/page"}],"author":[{"embeddable":true,"href":"https:\/\/myopianetwork.eu\/pl\/wp-json\/wp\/v2\/users\/1"}],"replies":[{"embeddable":true,"href":"https:\/\/myopianetwork.eu\/pl\/wp-json\/wp\/v2\/comments?post=1884"}],"version-history":[{"count":1,"href":"https:\/\/myopianetwork.eu\/pl\/wp-json\/wp\/v2\/pages\/1884\/revisions"}],"predecessor-version":[{"id":1885,"href":"https:\/\/myopianetwork.eu\/pl\/wp-json\/wp\/v2\/pages\/1884\/revisions\/1885"}],"wp:attachment":[{"href":"https:\/\/myopianetwork.eu\/pl\/wp-json\/wp\/v2\/media?parent=1884"}],"curies":[{"name":"wp","href":"https:\/\/api.w.org\/{rel}","templated":true}]}}