{"id":2647,"date":"2026-04-13T14:36:49","date_gmt":"2026-04-13T12:36:49","guid":{"rendered":"https:\/\/myopianetwork.eu\/komitet-wykonawczy\/"},"modified":"2026-04-13T14:51:44","modified_gmt":"2026-04-13T12:51:44","slug":"komitet-wykonawczy","status":"publish","type":"page","link":"https:\/\/myopianetwork.eu\/pl\/komitet-wykonawczy\/","title":{"rendered":"Komitet wykonawczy"},"content":{"rendered":"<section class=\"l-section wpb_row height_medium\"><div class=\"l-section-h i-cf\"><div class=\"g-cols vc_row via_flex valign_top type_default stacking_default\"><div class=\"vc_col-sm-4 wpb_column vc_column_container\"><div class=\"vc_column-inner\"><div class=\"wpb_wrapper\"><div class=\"w-person layout_simple_circle\" itemscope itemtype=\"https:\/\/schema.org\/Person\"><div class=\"w-person-image\"><a href=\"https:\/\/myopianetwork.eu\/pl\/rada\/#andrzej-grzybowski\" class=\"w-person-link\" aria-label=\"Prof. Andrzej Grzybowski\"><img loading=\"lazy\" decoding=\"async\" width=\"1024\" height=\"1024\" src=\"https:\/\/myopianetwork.eu\/wp-content\/uploads\/2025\/06\/prof-Andrzej-Grzybowski.png\" class=\"attachment-large size-large\" alt=\"prof Andrzej Grzybowski\" itemprop=\"image\" srcset=\"https:\/\/myopianetwork.eu\/wp-content\/uploads\/2025\/06\/prof-Andrzej-Grzybowski.png 1024w, https:\/\/myopianetwork.eu\/wp-content\/uploads\/2025\/06\/prof-Andrzej-Grzybowski-300x300.png 300w, https:\/\/myopianetwork.eu\/wp-content\/uploads\/2025\/06\/prof-Andrzej-Grzybowski-150x150.png 150w\" sizes=\"auto, (max-width: 1024px) 100vw, 1024px\" \/><\/a><\/div><div class=\"w-person-content\"><h3 itemprop=\"name\" class=\"w-person-name\" style=\"font-size:20px\"><a href=\"https:\/\/myopianetwork.eu\/pl\/rada\/#andrzej-grzybowski\" class=\"w-person-link\" aria-label=\"Prof. Andrzej Grzybowski\"><span>Prof. Andrzej Grzybowski<\/span><\/a><\/h3><div class=\"w-person-role\" itemprop=\"jobTitle\">Przewodnicz\u0105cy<\/div><\/div><\/div><\/div><\/div><\/div><div class=\"vc_col-sm-4 wpb_column vc_column_container\"><div class=\"vc_column-inner\"><div class=\"wpb_wrapper\"><div class=\"w-person layout_simple_circle\" itemscope itemtype=\"https:\/\/schema.org\/Person\"><div class=\"w-person-image\"><a href=\"https:\/\/myopianetwork.eu\/pl\/council\/dr-carla-lanca\/\" class=\"w-person-link\" aria-label=\"Dr Carla Lanca\"><img loading=\"lazy\" decoding=\"async\" width=\"516\" height=\"588\" src=\"https:\/\/myopianetwork.eu\/wp-content\/uploads\/2025\/09\/Carla-Lanca-2025-1.png\" class=\"attachment-large size-large\" alt=\"Carla Lanca\" itemprop=\"image\" srcset=\"https:\/\/myopianetwork.eu\/wp-content\/uploads\/2025\/09\/Carla-Lanca-2025-1.png 516w, https:\/\/myopianetwork.eu\/wp-content\/uploads\/2025\/09\/Carla-Lanca-2025-1-263x300.png 263w\" sizes=\"auto, (max-width: 516px) 100vw, 516px\" \/><\/a><\/div><div class=\"w-person-content\"><h3 itemprop=\"name\" class=\"w-person-name\" style=\"font-size:20px\"><a href=\"https:\/\/myopianetwork.eu\/pl\/council\/dr-carla-lanca\/\" class=\"w-person-link\" aria-label=\"Dr Carla Lanca\"><span>Dr Carla Lanca<\/span><\/a><\/h3><div class=\"w-person-role\" itemprop=\"jobTitle\">Komitet Naukowy: przewodnicz\u0105ca<\/div><\/div><\/div><\/div><\/div><\/div><div class=\"vc_col-sm-4 wpb_column vc_column_container\"><div class=\"vc_column-inner\"><div class=\"wpb_wrapper\"><div class=\"w-person layout_simple_circle\" itemscope itemtype=\"https:\/\/schema.org\/Person\"><div class=\"w-person-image\"><a href=\"https:\/\/myopianetwork.eu\/pl\/council\/prof-miguel-angel-sanchez-tena\/\" class=\"w-person-link\" aria-label=\"Prof. Miguel \u00c1ngel S\u00e1nchez\"><img loading=\"lazy\" decoding=\"async\" width=\"787\" height=\"1024\" src=\"https:\/\/myopianetwork.eu\/wp-content\/uploads\/2026\/01\/Foto-Sanchez-Tena-2-787x1024.webp\" class=\"attachment-large size-large\" alt=\"Foto Sanchez-Tena 2\" itemprop=\"image\" srcset=\"https:\/\/myopianetwork.eu\/wp-content\/uploads\/2026\/01\/Foto-Sanchez-Tena-2-787x1024.webp 787w, https:\/\/myopianetwork.eu\/wp-content\/uploads\/2026\/01\/Foto-Sanchez-Tena-2-230x300.webp 230w, https:\/\/myopianetwork.eu\/wp-content\/uploads\/2026\/01\/Foto-Sanchez-Tena-2.webp 1200w\" sizes=\"auto, (max-width: 787px) 100vw, 787px\" \/><\/a><\/div><div class=\"w-person-content\"><h3 itemprop=\"name\" class=\"w-person-name\" style=\"font-size:20px\"><a href=\"https:\/\/myopianetwork.eu\/pl\/council\/prof-miguel-angel-sanchez-tena\/\" class=\"w-person-link\" aria-label=\"Prof. Miguel \u00c1ngel S\u00e1nchez\"><span>Prof. Miguel \u00c1ngel S\u00e1nchez<\/span><\/a><\/h3><div class=\"w-person-role\" itemprop=\"jobTitle\">Komisja ds. Edukacji: przewodnicz\u0105cy<\/div><\/div><\/div><\/div><\/div><\/div><\/div><\/div><\/section><section class=\"l-section wpb_row height_medium\"><div class=\"l-section-h i-cf\"><div class=\"g-cols vc_row via_flex valign_top type_default stacking_default\"><div class=\"vc_col-sm-4 wpb_column vc_column_container\"><div class=\"vc_column-inner\"><div class=\"wpb_wrapper\"><div class=\"w-person layout_circle\" itemscope itemtype=\"https:\/\/schema.org\/Person\"><div class=\"w-person-image\"><a href=\"https:\/\/myopianetwork.eu\/pl\/council\/prof-dr-med-hakan-kaymak\/\" class=\"w-person-link\" aria-label=\"Prof. Dr. med. Hakan Kaymak \"><img loading=\"lazy\" decoding=\"async\" width=\"683\" height=\"1024\" src=\"https:\/\/myopianetwork.eu\/wp-content\/uploads\/2025\/09\/Autorenfoto-Kaymak-05-1-683x1024.jpg\" class=\"attachment-large size-large\" alt=\"Prof. Dr. med. Hakan Kaymak\" itemprop=\"image\" srcset=\"https:\/\/myopianetwork.eu\/wp-content\/uploads\/2025\/09\/Autorenfoto-Kaymak-05-1-683x1024.jpg 683w, https:\/\/myopianetwork.eu\/wp-content\/uploads\/2025\/09\/Autorenfoto-Kaymak-05-1-200x300.jpg 200w, https:\/\/myopianetwork.eu\/wp-content\/uploads\/2025\/09\/Autorenfoto-Kaymak-05-1.jpg 1072w\" sizes=\"auto, (max-width: 683px) 100vw, 683px\" \/><\/a><\/div><div class=\"w-person-content\"><h3 itemprop=\"name\" class=\"w-person-name\" style=\"font-size:20px\"><a href=\"https:\/\/myopianetwork.eu\/pl\/council\/prof-dr-med-hakan-kaymak\/\" class=\"w-person-link\" aria-label=\"Prof. Dr. med. Hakan Kaymak \"><span>Prof. Dr. med. Hakan Kaymak <\/span><\/a><\/h3><div class=\"w-person-role\" itemprop=\"jobTitle\">Komisja ds. Stosunk\u00f3w Przemys\u0142owych: przewodnicz\u0105cy<\/div><\/div><\/div><\/div><\/div><\/div><div class=\"vc_col-sm-4 wpb_column vc_column_container\"><div class=\"vc_column-inner\"><div class=\"wpb_wrapper\"><div class=\"w-person layout_circle\" itemscope itemtype=\"https:\/\/schema.org\/Person\"><div class=\"w-person-image\"><a href=\"https:\/\/myopianetwork.eu\/pl\/council\/dr-siofra-harrington-dip-ophth-opt-phd-faoi-feaoo\/\" class=\"w-person-link\" aria-label=\"S\u00edofra Harrington\"><img loading=\"lazy\" decoding=\"async\" width=\"399\" height=\"399\" src=\"https:\/\/myopianetwork.eu\/wp-content\/uploads\/2026\/04\/S-Harrington.webp\" class=\"attachment-large size-large\" alt=\"S Harrington\" itemprop=\"image\" srcset=\"https:\/\/myopianetwork.eu\/wp-content\/uploads\/2026\/04\/S-Harrington.webp 399w, https:\/\/myopianetwork.eu\/wp-content\/uploads\/2026\/04\/S-Harrington-300x300.webp 300w, https:\/\/myopianetwork.eu\/wp-content\/uploads\/2026\/04\/S-Harrington-150x150.webp 150w\" sizes=\"auto, (max-width: 399px) 100vw, 399px\" \/><\/a><\/div><div class=\"w-person-content\"><h3 itemprop=\"name\" class=\"w-person-name\" style=\"font-size:20px\"><a href=\"https:\/\/myopianetwork.eu\/pl\/council\/dr-siofra-harrington-dip-ophth-opt-phd-faoi-feaoo\/\" class=\"w-person-link\" aria-label=\"S\u00edofra Harrington\"><span>S\u00edofra Harrington<\/span><\/a><\/h3><div class=\"w-person-role\" itemprop=\"jobTitle\">Komitet ds. Stosunk\u00f3w Krajowo-Mi\u0119dzynarodowych<\/div><\/div><\/div><\/div><\/div><\/div><div class=\"vc_col-sm-4 wpb_column vc_column_container\"><div class=\"vc_column-inner\"><div class=\"wpb_wrapper\"><div class=\"w-person layout_circle\" itemscope itemtype=\"https:\/\/schema.org\/Person\"><div class=\"w-person-image\"><a href=\"https:\/\/myopianetwork.eu\/pl\/council\/dr-cristina-alvarez-peregrina-phd\/\" class=\"w-person-link\" aria-label=\"Dr Cristina Alvarez Peregrina\"><img loading=\"lazy\" decoding=\"async\" width=\"400\" height=\"573\" src=\"https:\/\/myopianetwork.eu\/wp-content\/uploads\/2025\/09\/IMG_0953_v2-002-1.webp\" class=\"attachment-large size-large\" alt=\"Cristina Alvarez Peregrina\" itemprop=\"image\" srcset=\"https:\/\/myopianetwork.eu\/wp-content\/uploads\/2025\/09\/IMG_0953_v2-002-1.webp 400w, https:\/\/myopianetwork.eu\/wp-content\/uploads\/2025\/09\/IMG_0953_v2-002-1-209x300.webp 209w\" sizes=\"auto, (max-width: 400px) 100vw, 400px\" \/><\/a><\/div><div class=\"w-person-content\"><h3 itemprop=\"name\" class=\"w-person-name\" style=\"font-size:20px\"><a href=\"https:\/\/myopianetwork.eu\/pl\/council\/dr-cristina-alvarez-peregrina-phd\/\" class=\"w-person-link\" aria-label=\"Dr Cristina Alvarez Peregrina\"><span>Dr Cristina Alvarez Peregrina<\/span><\/a><\/h3><div class=\"w-person-role\" itemprop=\"jobTitle\">Komitet promocji EMN (strona internetowa, SM itp.)<\/div><\/div><\/div><\/div><\/div><\/div><\/div><\/div><\/section>\n","protected":false},"excerpt":{"rendered":"Prof. Andrzej GrzybowskiPrzewodnicz\u0105cyDr Carla LancaKomitet Naukowy: przewodnicz\u0105caProf. Miguel \u00c1ngel S\u00e1nchezKomisja ds. Edukacji: przewodnicz\u0105cyProf. Dr. med. Hakan Kaymak Komisja ds. Stosunk\u00f3w Przemys\u0142owych: przewodnicz\u0105cyS\u00edofra HarringtonKomitet ds. Stosunk\u00f3w Krajowo-Mi\u0119dzynarodowychDr Cristina Alvarez PeregrinaKomitet promocji EMN (strona internetowa, SM itp.)","protected":false},"author":1,"featured_media":0,"parent":0,"menu_order":0,"comment_status":"closed","ping_status":"closed","template":"","meta":{"_acf_changed":false,"footnotes":""},"class_list":["post-2647","page","type-page","status-publish","hentry"],"acf":[],"yoast_head":"<!-- This site is optimized with the Yoast SEO plugin v25.3 - https:\/\/yoast.com\/wordpress\/plugins\/seo\/ -->\n<title>Komitet wykonawczy - Fundacja &quot;Okulistyka 21&quot;<\/title>\n<meta name=\"robots\" content=\"index, follow, max-snippet:-1, max-image-preview:large, max-video-preview:-1\" \/>\n<link rel=\"canonical\" href=\"https:\/\/myopianetwork.eu\/pl\/komitet-wykonawczy\/\" \/>\n<meta property=\"og:locale\" content=\"pl_PL\" \/>\n<meta property=\"og:type\" content=\"article\" \/>\n<meta property=\"og:title\" content=\"Komitet wykonawczy - Fundacja &quot;Okulistyka 21&quot;\" \/>\n<meta property=\"og:url\" content=\"https:\/\/myopianetwork.eu\/pl\/komitet-wykonawczy\/\" \/>\n<meta property=\"og:site_name\" content=\"Fundacja &quot;Okulistyka 21&quot;\" \/>\n<meta property=\"article:modified_time\" content=\"2026-04-13T12:51:44+00:00\" \/>\n<meta name=\"twitter:card\" content=\"summary_large_image\" \/>\n<meta name=\"twitter:label1\" content=\"Szacowany czas czytania\" \/>\n\t<meta name=\"twitter:data1\" content=\"2 minuty\" \/>\n<script type=\"application\/ld+json\" class=\"yoast-schema-graph\">{\"@context\":\"https:\/\/schema.org\",\"@graph\":[{\"@type\":\"WebPage\",\"@id\":\"https:\/\/myopianetwork.eu\/pl\/komitet-wykonawczy\/\",\"url\":\"https:\/\/myopianetwork.eu\/pl\/komitet-wykonawczy\/\",\"name\":\"Komitet wykonawczy - Fundacja &quot;Okulistyka 21&quot;\",\"isPartOf\":{\"@id\":\"https:\/\/myopianetwork.eu\/pl\/#website\"},\"datePublished\":\"2026-04-13T12:36:49+00:00\",\"dateModified\":\"2026-04-13T12:51:44+00:00\",\"breadcrumb\":{\"@id\":\"https:\/\/myopianetwork.eu\/pl\/komitet-wykonawczy\/#breadcrumb\"},\"inLanguage\":\"pl-PL\",\"potentialAction\":[{\"@type\":\"ReadAction\",\"target\":[\"https:\/\/myopianetwork.eu\/pl\/komitet-wykonawczy\/\"]}]},{\"@type\":\"BreadcrumbList\",\"@id\":\"https:\/\/myopianetwork.eu\/pl\/komitet-wykonawczy\/#breadcrumb\",\"itemListElement\":[{\"@type\":\"ListItem\",\"position\":1,\"name\":\"Strona g\u0142\u00f3wna\",\"item\":\"https:\/\/myopianetwork.eu\/pl\/\"},{\"@type\":\"ListItem\",\"position\":2,\"name\":\"Komitet wykonawczy\"}]},{\"@type\":\"WebSite\",\"@id\":\"https:\/\/myopianetwork.eu\/pl\/#website\",\"url\":\"https:\/\/myopianetwork.eu\/pl\/\",\"name\":\"Fundacja \\\"Okulistyka 21\\\"\",\"description\":\"\",\"publisher\":{\"@id\":\"https:\/\/myopianetwork.eu\/pl\/#organization\"},\"potentialAction\":[{\"@type\":\"SearchAction\",\"target\":{\"@type\":\"EntryPoint\",\"urlTemplate\":\"https:\/\/myopianetwork.eu\/pl\/?s={search_term_string}\"},\"query-input\":{\"@type\":\"PropertyValueSpecification\",\"valueRequired\":true,\"valueName\":\"search_term_string\"}}],\"inLanguage\":\"pl-PL\"},{\"@type\":\"Organization\",\"@id\":\"https:\/\/myopianetwork.eu\/pl\/#organization\",\"name\":\"Fundacja \\\"Okulistyka 21\\\"\",\"url\":\"https:\/\/myopianetwork.eu\/pl\/\",\"logo\":{\"@type\":\"ImageObject\",\"inLanguage\":\"pl-PL\",\"@id\":\"https:\/\/myopianetwork.eu\/pl\/#\/schema\/logo\/image\/\",\"url\":\"https:\/\/myopianetwork.eu\/wp-content\/uploads\/2021\/10\/MYOPIA.png\",\"contentUrl\":\"https:\/\/myopianetwork.eu\/wp-content\/uploads\/2021\/10\/MYOPIA.png\",\"width\":1229,\"height\":263,\"caption\":\"Fundacja \\\"Okulistyka 21\\\"\"},\"image\":{\"@id\":\"https:\/\/myopianetwork.eu\/pl\/#\/schema\/logo\/image\/\"}}]}<\/script>\n<!-- \/ Yoast SEO plugin. -->","yoast_head_json":{"title":"Komitet wykonawczy - Fundacja &quot;Okulistyka 21&quot;","robots":{"index":"index","follow":"follow","max-snippet":"max-snippet:-1","max-image-preview":"max-image-preview:large","max-video-preview":"max-video-preview:-1"},"canonical":"https:\/\/myopianetwork.eu\/pl\/komitet-wykonawczy\/","og_locale":"pl_PL","og_type":"article","og_title":"Komitet wykonawczy - Fundacja &quot;Okulistyka 21&quot;","og_url":"https:\/\/myopianetwork.eu\/pl\/komitet-wykonawczy\/","og_site_name":"Fundacja &quot;Okulistyka 21&quot;","article_modified_time":"2026-04-13T12:51:44+00:00","twitter_card":"summary_large_image","twitter_misc":{"Szacowany czas czytania":"2 minuty"},"schema":{"@context":"https:\/\/schema.org","@graph":[{"@type":"WebPage","@id":"https:\/\/myopianetwork.eu\/pl\/komitet-wykonawczy\/","url":"https:\/\/myopianetwork.eu\/pl\/komitet-wykonawczy\/","name":"Komitet wykonawczy - Fundacja &quot;Okulistyka 21&quot;","isPartOf":{"@id":"https:\/\/myopianetwork.eu\/pl\/#website"},"datePublished":"2026-04-13T12:36:49+00:00","dateModified":"2026-04-13T12:51:44+00:00","breadcrumb":{"@id":"https:\/\/myopianetwork.eu\/pl\/komitet-wykonawczy\/#breadcrumb"},"inLanguage":"pl-PL","potentialAction":[{"@type":"ReadAction","target":["https:\/\/myopianetwork.eu\/pl\/komitet-wykonawczy\/"]}]},{"@type":"BreadcrumbList","@id":"https:\/\/myopianetwork.eu\/pl\/komitet-wykonawczy\/#breadcrumb","itemListElement":[{"@type":"ListItem","position":1,"name":"Strona g\u0142\u00f3wna","item":"https:\/\/myopianetwork.eu\/pl\/"},{"@type":"ListItem","position":2,"name":"Komitet wykonawczy"}]},{"@type":"WebSite","@id":"https:\/\/myopianetwork.eu\/pl\/#website","url":"https:\/\/myopianetwork.eu\/pl\/","name":"Fundacja \"Okulistyka 21\"","description":"","publisher":{"@id":"https:\/\/myopianetwork.eu\/pl\/#organization"},"potentialAction":[{"@type":"SearchAction","target":{"@type":"EntryPoint","urlTemplate":"https:\/\/myopianetwork.eu\/pl\/?s={search_term_string}"},"query-input":{"@type":"PropertyValueSpecification","valueRequired":true,"valueName":"search_term_string"}}],"inLanguage":"pl-PL"},{"@type":"Organization","@id":"https:\/\/myopianetwork.eu\/pl\/#organization","name":"Fundacja \"Okulistyka 21\"","url":"https:\/\/myopianetwork.eu\/pl\/","logo":{"@type":"ImageObject","inLanguage":"pl-PL","@id":"https:\/\/myopianetwork.eu\/pl\/#\/schema\/logo\/image\/","url":"https:\/\/myopianetwork.eu\/wp-content\/uploads\/2021\/10\/MYOPIA.png","contentUrl":"https:\/\/myopianetwork.eu\/wp-content\/uploads\/2021\/10\/MYOPIA.png","width":1229,"height":263,"caption":"Fundacja \"Okulistyka 21\""},"image":{"@id":"https:\/\/myopianetwork.eu\/pl\/#\/schema\/logo\/image\/"}}]}},"_links":{"self":[{"href":"https:\/\/myopianetwork.eu\/pl\/wp-json\/wp\/v2\/pages\/2647","targetHints":{"allow":["GET"]}}],"collection":[{"href":"https:\/\/myopianetwork.eu\/pl\/wp-json\/wp\/v2\/pages"}],"about":[{"href":"https:\/\/myopianetwork.eu\/pl\/wp-json\/wp\/v2\/types\/page"}],"author":[{"embeddable":true,"href":"https:\/\/myopianetwork.eu\/pl\/wp-json\/wp\/v2\/users\/1"}],"replies":[{"embeddable":true,"href":"https:\/\/myopianetwork.eu\/pl\/wp-json\/wp\/v2\/comments?post=2647"}],"version-history":[{"count":2,"href":"https:\/\/myopianetwork.eu\/pl\/wp-json\/wp\/v2\/pages\/2647\/revisions"}],"predecessor-version":[{"id":2649,"href":"https:\/\/myopianetwork.eu\/pl\/wp-json\/wp\/v2\/pages\/2647\/revisions\/2649"}],"wp:attachment":[{"href":"https:\/\/myopianetwork.eu\/pl\/wp-json\/wp\/v2\/media?parent=2647"}],"curies":[{"name":"wp","href":"https:\/\/api.w.org\/{rel}","templated":true}]}}